{"id":30,"date":"2023-04-05T09:37:56","date_gmt":"2023-04-05T09:37:56","guid":{"rendered":"https:\/\/wodgaz.radom.pl\/wordpress\/?page_id=30"},"modified":"2023-04-06T06:33:28","modified_gmt":"2023-04-06T06:33:28","slug":"glowna","status":"publish","type":"page","link":"https:\/\/wodgaz.radom.pl\/","title":{"rendered":"Start"},"content":{"rendered":"<p style=\"text-align: center;\"><strong><em><span style=\"font-size: x-large;\">Serwisujemy urz\u0105dzenia takich firm jak:<\/span><\/em><\/strong><\/p>\n<p style=\"text-align: center;\"><img loading=\"lazy\" decoding=\"async\" class=\"aligncenter size-medium wp-image-45\" src=\"https:\/\/wodgaz.radom.pl\/wp-content\/uploads\/2023\/04\/logo_vadrus-e1680693604122-300x61.jpg\" alt=\"\" width=\"300\" height=\"61\" srcset=\"https:\/\/wodgaz.radom.pl\/wp-content\/uploads\/2023\/04\/logo_vadrus-e1680693604122-300x61.jpg 300w, https:\/\/wodgaz.radom.pl\/wp-content\/uploads\/2023\/04\/logo_vadrus-e1680693604122.jpg 579w\" sizes=\"auto, (max-width: 300px) 100vw, 300px\" \/><\/p>\n<p><img loading=\"lazy\" decoding=\"async\" class=\"aligncenter size-medium wp-image-46\" src=\"https:\/\/wodgaz.radom.pl\/wp-content\/uploads\/2023\/04\/broetje-300x84.png\" alt=\"\" width=\"300\" height=\"84\" srcset=\"https:\/\/wodgaz.radom.pl\/wp-content\/uploads\/2023\/04\/broetje-300x84.png 300w, https:\/\/wodgaz.radom.pl\/wp-content\/uploads\/2023\/04\/broetje.png 425w\" sizes=\"auto, (max-width: 300px) 100vw, 300px\" \/><\/p>\n<p><img loading=\"lazy\" decoding=\"async\" class=\"aligncenter size-medium wp-image-44\" src=\"https:\/\/wodgaz.radom.pl\/wp-content\/uploads\/2023\/04\/wolf.logo_-300x99.jpg\" alt=\"\" width=\"300\" height=\"99\" srcset=\"https:\/\/wodgaz.radom.pl\/wp-content\/uploads\/2023\/04\/wolf.logo_-300x99.jpg 300w, https:\/\/wodgaz.radom.pl\/wp-content\/uploads\/2023\/04\/wolf.logo_.jpg 600w\" sizes=\"auto, (max-width: 300px) 100vw, 300px\" \/><\/p>\n<p><img loading=\"lazy\" decoding=\"async\" class=\"aligncenter size-medium wp-image-43\" src=\"https:\/\/wodgaz.radom.pl\/wp-content\/uploads\/2023\/04\/Logo_Weishaupt.svg_-300x79.png\" alt=\"\" width=\"300\" height=\"79\" srcset=\"https:\/\/wodgaz.radom.pl\/wp-content\/uploads\/2023\/04\/Logo_Weishaupt.svg_-300x79.png 300w, https:\/\/wodgaz.radom.pl\/wp-content\/uploads\/2023\/04\/Logo_Weishaupt.svg_-1024x269.png 1024w, https:\/\/wodgaz.radom.pl\/wp-content\/uploads\/2023\/04\/Logo_Weishaupt.svg_-768x202.png 768w, https:\/\/wodgaz.radom.pl\/wp-content\/uploads\/2023\/04\/Logo_Weishaupt.svg_.png 1200w\" sizes=\"auto, (max-width: 300px) 100vw, 300px\" \/><\/p>\n<p><img loading=\"lazy\" decoding=\"async\" class=\"aligncenter size-medium wp-image-42\" src=\"https:\/\/wodgaz.radom.pl\/wp-content\/uploads\/2023\/04\/giersch-300x156.jpg\" alt=\"\" width=\"300\" height=\"156\" srcset=\"https:\/\/wodgaz.radom.pl\/wp-content\/uploads\/2023\/04\/giersch-300x156.jpg 300w, https:\/\/wodgaz.radom.pl\/wp-content\/uploads\/2023\/04\/giersch.jpg 312w\" sizes=\"auto, (max-width: 300px) 100vw, 300px\" \/><img loading=\"lazy\" decoding=\"async\" class=\"aligncenter size-medium wp-image-41\" src=\"https:\/\/wodgaz.radom.pl\/wp-content\/uploads\/2023\/04\/Buderus-logo.svg_-300x78.png\" alt=\"\" width=\"300\" height=\"78\" srcset=\"https:\/\/wodgaz.radom.pl\/wp-content\/uploads\/2023\/04\/Buderus-logo.svg_-300x78.png 300w, https:\/\/wodgaz.radom.pl\/wp-content\/uploads\/2023\/04\/Buderus-logo.svg_-1024x267.png 1024w, https:\/\/wodgaz.radom.pl\/wp-content\/uploads\/2023\/04\/Buderus-logo.svg_-768x200.png 768w, https:\/\/wodgaz.radom.pl\/wp-content\/uploads\/2023\/04\/Buderus-logo.svg_.png 1280w\" sizes=\"auto, (max-width: 300px) 100vw, 300px\" \/><\/p>\n<p>&nbsp;<\/p>\n<p>&nbsp;<\/p>\n<p style=\"text-align: center;\"><strong><em><span style=\"font-size: x-large;\">Serwisem gwarancyjnym i pogwarancyjnym kot\u0142\u00f3w zajmuje si\u0119<\/span><\/em><\/strong><\/p>\n<p style=\"text-align: center;\"><strong><span style=\"color: #cc3300; font-size: x-large;\"><span style=\"color: #ff0000;\">Mariusz Sa\u0142aci\u0144ski<br \/>\n<\/span><\/span><\/strong><strong><span style=\"color: #cc3300; font-size: large;\"><span style=\"font-size: x-large;\"><span style=\"color: #000000;\">tel.<\/span> <span style=\"color: #0000ff;\"><span id=\"softomate_highlight_0\" class=\"skype_tb_injection\" title=\"Call this phone number in Poland with Skype: +48502073158\"><span id=\"skype_tb_droppart_0\" class=\"skype_tb_imgA\" title=\"Skype actions\"><span id=\"skype_tb_img_f0\" class=\"skype_tb_imgFlag\"><\/span><\/span><span id=\"skype_tb_img_s0\" class=\"skype_tb_imgS\"><\/span><span id=\"skype_tb_text0\" class=\"skype_tb_injectionIn\"><span id=\"skype_tb_innerText0\" class=\"skype_tb_innerText\">0\u00a0502\u00a0073\u00a0158<\/span><\/span><br \/>\n<\/span><\/span><\/span><\/span><\/strong><strong><span style=\"color: #cc3300; font-size: large;\">serwis@wodgaz.radom.pl<\/span><\/strong><\/p>\n<p>&nbsp;<\/p>\n<p><strong><span style=\"font-size: x-large;\"><em>\u00a0<\/em><\/span><\/strong><\/p>\n<p>&nbsp;<\/p>\n<p>Bardzo prosz\u0119 o wcze\u015bniejsze zg\u0142oszenia kot\u0142\u00f3w do przegl\u0105du , gdy\u017c w okresie jesiennym wyd\u0142u\u017ca sie czas oczekiwania na przegl\u0105d.<\/p>\n<p>Nie czekaj do zimy &#8211; zadzwo\u0144 ju\u017c teraz !!!!<\/p>\n","protected":false},"excerpt":{"rendered":"<p>Serwisujemy urz\u0105dzenia takich firm jak: &nbsp; &nbsp; Serwisem gwarancyjnym i pogwarancyjnym kot\u0142\u00f3w zajmuje si\u0119 Mariusz Sa\u0142aci\u0144ski tel. 0\u00a0502\u00a0073\u00a0158 serwis@wodgaz.radom.pl &nbsp; \u00a0 &nbsp; Bardzo prosz\u0119 o wcze\u015bniejsze zg\u0142oszenia kot\u0142\u00f3w do przegl\u0105du , gdy\u017c w okresie jesiennym wyd\u0142u\u017ca sie czas oczekiwania na przegl\u0105d. Nie czekaj do zimy &#8211; zadzwo\u0144 ju\u017c teraz !!!!<\/p>\n","protected":false},"author":1,"featured_media":0,"parent":0,"menu_order":0,"comment_status":"closed","ping_status":"closed","template":"","meta":{"footnotes":""},"class_list":["post-30","page","type-page","status-publish","hentry"],"yoast_head":"<!-- This site is optimized with the Yoast SEO plugin v20.4 - https:\/\/yoast.com\/wordpress\/plugins\/seo\/ -->\n<title>Start - wodgaz.radom.pl<\/title>\n<meta name=\"robots\" content=\"index, follow, max-snippet:-1, max-image-preview:large, max-video-preview:-1\" \/>\n<link rel=\"canonical\" href=\"https:\/\/wodgaz.radom.pl\/\" \/>\n<meta property=\"og:locale\" content=\"pl_PL\" \/>\n<meta property=\"og:type\" content=\"article\" \/>\n<meta property=\"og:title\" content=\"Start - wodgaz.radom.pl\" \/>\n<meta property=\"og:description\" content=\"Serwisujemy urz\u0105dzenia takich firm jak: &nbsp; &nbsp; Serwisem gwarancyjnym i pogwarancyjnym kot\u0142\u00f3w zajmuje si\u0119 Mariusz Sa\u0142aci\u0144ski tel. 0\u00a0502\u00a0073\u00a0158 serwis@wodgaz.radom.pl &nbsp; \u00a0 &nbsp; Bardzo prosz\u0119 o wcze\u015bniejsze zg\u0142oszenia kot\u0142\u00f3w do przegl\u0105du , gdy\u017c w okresie jesiennym wyd\u0142u\u017ca sie czas oczekiwania na przegl\u0105d. Nie czekaj do zimy &#8211; zadzwo\u0144 ju\u017c teraz !!!!\" \/>\n<meta property=\"og:url\" content=\"https:\/\/wodgaz.radom.pl\/\" \/>\n<meta property=\"og:site_name\" content=\"wodgaz.radom.pl\" \/>\n<meta property=\"article:modified_time\" content=\"2023-04-06T06:33:28+00:00\" \/>\n<meta property=\"og:image\" content=\"https:\/\/wodgaz.radom.pl\/wp-content\/uploads\/2023\/04\/logo_vadrus-e1680693604122-300x61.jpg\" \/>\n<meta name=\"twitter:card\" content=\"summary_large_image\" \/>\n<meta name=\"twitter:label1\" content=\"Szacowany czas czytania\" \/>\n\t<meta name=\"twitter:data1\" content=\"2 minuty\" \/>\n<script type=\"application\/ld+json\" class=\"yoast-schema-graph\">{\"@context\":\"https:\/\/schema.org\",\"@graph\":[{\"@type\":\"WebPage\",\"@id\":\"https:\/\/wodgaz.radom.pl\/\",\"url\":\"https:\/\/wodgaz.radom.pl\/\",\"name\":\"Start - wodgaz.radom.pl\",\"isPartOf\":{\"@id\":\"https:\/\/wodgaz.radom.pl\/#website\"},\"datePublished\":\"2023-04-05T09:37:56+00:00\",\"dateModified\":\"2023-04-06T06:33:28+00:00\",\"breadcrumb\":{\"@id\":\"https:\/\/wodgaz.radom.pl\/#breadcrumb\"},\"inLanguage\":\"pl-PL\",\"potentialAction\":[{\"@type\":\"ReadAction\",\"target\":[\"https:\/\/wodgaz.radom.pl\/\"]}]},{\"@type\":\"BreadcrumbList\",\"@id\":\"https:\/\/wodgaz.radom.pl\/#breadcrumb\",\"itemListElement\":[{\"@type\":\"ListItem\",\"position\":1,\"name\":\"Strona g\u0142\u00f3wna\",\"item\":\"https:\/\/wodgaz.radom.pl\/\"},{\"@type\":\"ListItem\",\"position\":2,\"name\":\"Start\"}]},{\"@type\":\"WebSite\",\"@id\":\"https:\/\/wodgaz.radom.pl\/#website\",\"url\":\"https:\/\/wodgaz.radom.pl\/\",\"name\":\"wodgaz.radom.pl\",\"description\":\"Zak\u0142ad Us\u0142ug Remontowo-Budowlanych\",\"potentialAction\":[{\"@type\":\"SearchAction\",\"target\":{\"@type\":\"EntryPoint\",\"urlTemplate\":\"https:\/\/wodgaz.radom.pl\/?s={search_term_string}\"},\"query-input\":\"required name=search_term_string\"}],\"inLanguage\":\"pl-PL\"}]}<\/script>\n<!-- \/ Yoast SEO plugin. -->","yoast_head_json":{"title":"Start - wodgaz.radom.pl","robots":{"index":"index","follow":"follow","max-snippet":"max-snippet:-1","max-image-preview":"max-image-preview:large","max-video-preview":"max-video-preview:-1"},"canonical":"https:\/\/wodgaz.radom.pl\/","og_locale":"pl_PL","og_type":"article","og_title":"Start - wodgaz.radom.pl","og_description":"Serwisujemy urz\u0105dzenia takich firm jak: &nbsp; &nbsp; Serwisem gwarancyjnym i pogwarancyjnym kot\u0142\u00f3w zajmuje si\u0119 Mariusz Sa\u0142aci\u0144ski tel. 0\u00a0502\u00a0073\u00a0158 serwis@wodgaz.radom.pl &nbsp; \u00a0 &nbsp; Bardzo prosz\u0119 o wcze\u015bniejsze zg\u0142oszenia kot\u0142\u00f3w do przegl\u0105du , gdy\u017c w okresie jesiennym wyd\u0142u\u017ca sie czas oczekiwania na przegl\u0105d. Nie czekaj do zimy &#8211; zadzwo\u0144 ju\u017c teraz !!!!","og_url":"https:\/\/wodgaz.radom.pl\/","og_site_name":"wodgaz.radom.pl","article_modified_time":"2023-04-06T06:33:28+00:00","og_image":[{"url":"https:\/\/wodgaz.radom.pl\/wp-content\/uploads\/2023\/04\/logo_vadrus-e1680693604122-300x61.jpg"}],"twitter_card":"summary_large_image","twitter_misc":{"Szacowany czas czytania":"2 minuty"},"schema":{"@context":"https:\/\/schema.org","@graph":[{"@type":"WebPage","@id":"https:\/\/wodgaz.radom.pl\/","url":"https:\/\/wodgaz.radom.pl\/","name":"Start - wodgaz.radom.pl","isPartOf":{"@id":"https:\/\/wodgaz.radom.pl\/#website"},"datePublished":"2023-04-05T09:37:56+00:00","dateModified":"2023-04-06T06:33:28+00:00","breadcrumb":{"@id":"https:\/\/wodgaz.radom.pl\/#breadcrumb"},"inLanguage":"pl-PL","potentialAction":[{"@type":"ReadAction","target":["https:\/\/wodgaz.radom.pl\/"]}]},{"@type":"BreadcrumbList","@id":"https:\/\/wodgaz.radom.pl\/#breadcrumb","itemListElement":[{"@type":"ListItem","position":1,"name":"Strona g\u0142\u00f3wna","item":"https:\/\/wodgaz.radom.pl\/"},{"@type":"ListItem","position":2,"name":"Start"}]},{"@type":"WebSite","@id":"https:\/\/wodgaz.radom.pl\/#website","url":"https:\/\/wodgaz.radom.pl\/","name":"wodgaz.radom.pl","description":"Zak\u0142ad Us\u0142ug Remontowo-Budowlanych","potentialAction":[{"@type":"SearchAction","target":{"@type":"EntryPoint","urlTemplate":"https:\/\/wodgaz.radom.pl\/?s={search_term_string}"},"query-input":"required name=search_term_string"}],"inLanguage":"pl-PL"}]}},"_links":{"self":[{"href":"https:\/\/wodgaz.radom.pl\/index.php?rest_route=\/wp\/v2\/pages\/30","targetHints":{"allow":["GET"]}}],"collection":[{"href":"https:\/\/wodgaz.radom.pl\/index.php?rest_route=\/wp\/v2\/pages"}],"about":[{"href":"https:\/\/wodgaz.radom.pl\/index.php?rest_route=\/wp\/v2\/types\/page"}],"author":[{"embeddable":true,"href":"https:\/\/wodgaz.radom.pl\/index.php?rest_route=\/wp\/v2\/users\/1"}],"replies":[{"embeddable":true,"href":"https:\/\/wodgaz.radom.pl\/index.php?rest_route=%2Fwp%2Fv2%2Fcomments&post=30"}],"version-history":[{"count":11,"href":"https:\/\/wodgaz.radom.pl\/index.php?rest_route=\/wp\/v2\/pages\/30\/revisions"}],"predecessor-version":[{"id":58,"href":"https:\/\/wodgaz.radom.pl\/index.php?rest_route=\/wp\/v2\/pages\/30\/revisions\/58"}],"wp:attachment":[{"href":"https:\/\/wodgaz.radom.pl\/index.php?rest_route=%2Fwp%2Fv2%2Fmedia&parent=30"}],"curies":[{"name":"wp","href":"https:\/\/api.w.org\/{rel}","templated":true}]}}